{"id":1581,"date":"2015-12-22T17:30:59","date_gmt":"2015-12-22T17:30:59","guid":{"rendered":"http:\/\/localhost\/truckpress\/?page_id=1581"},"modified":"2024-07-15T23:17:06","modified_gmt":"2024-07-15T20:17:06","slug":"hakkimizda","status":"publish","type":"page","link":"https:\/\/makmarinetechnology.com\/index.php\/hakkimizda\/","title":{"rendered":"Hakk\u0131m\u0131zda"},"content":{"rendered":"<div class=\"wpb-content-wrapper\"><p>[vc_row css=&#8221;.vc_custom_1456285677003{padding-top: 70px !important;padding-bottom: 80px !important;}&#8221;][vc_column width=&#8221;1\/2&#8243;]<div class=\"lp-heading  \">\n                <h4>KURUMSAL<\/h4>\n                <div class=\"border\"><\/div>\n            <\/div>[vc_row_inner css=&#8221;.vc_custom_1450813931806{padding-top: 35px !important;}&#8221;][vc_column_inner width=&#8221;1\/2&#8243;][vc_column_text css=&#8221;&#8221;]<\/p>\n<h4 class=\"text-about-basic\"><strong>MAK Mar\u0131ne Technology denizcilik sekt\u00f6r\u00fcnde 2023 y\u0131l\u0131nda t\u00fcm<\/strong><br \/>\n<strong>otomasyon sistemlerini devreye almak , dizayn etmek ve \u00fcretmek i\u00e7in<\/strong><br \/>\n<strong>kuruldu.<\/strong><br \/>\n<strong>MAK Mar\u0131ne tasar\u0131m alan\u0131ndan sahada ki i\u015fin son teslim an\u0131na kadar<\/strong><br \/>\n<strong>t\u00fcm alanlarda DNV-GL gibi t\u00fcm klas kurulu\u015flar\u0131n\u0131n kurallar\u0131n\u0131 kullanarak<\/strong><br \/>\n<strong>hizmet vermektedir. Mak Mar\u0131ne denizcilik sekt\u00f6r\u00fcn\u00fcn gerektirdi\u011fi t\u00fcm<\/strong><br \/>\n<strong>krallara uyar.<\/strong><\/h4>\n<p>[\/vc_column_text][vc_column_text css=&#8221;&#8221;]<\/p>\n<h4 class=\"text-about-basic\">Firmam\u0131z, denizcilik sekt\u00f6r\u00fcnde \u00f6nc\u00fc bir konumda yer almaktad\u0131r.<br \/>\n\u00d6zellikle tersanelerde gemilerin elektrik i\u015flerini \u00fcstlenerek, modern deniz<br \/>\nta\u015f\u0131tlar\u0131n\u0131n g\u00fc\u00e7l\u00fc ve g\u00fcvenilir elektrik sistemlerini sa\u011flamaktay\u0131z. Deneyim ve<br \/>\nuzmanl\u0131kla, gemi elektrik sistemleri konusunda kapsaml\u0131 \u00e7\u00f6z\u00fcmler<br \/>\nsunuyoruz. M\u00fc\u015fteri odakl\u0131 yakla\u015f\u0131m\u0131m\u0131zla, her projeye \u00f6zg\u00fc \u00e7\u00f6z\u00fcmler<br \/>\n\u00fcreterek sekt\u00f6rdeki liderli\u011fimizi s\u00fcrd\u00fcrmekteyiz.<\/h4>\n<p>[\/vc_column_text][\/vc_column_inner][vc_column_inner width=&#8221;1\/2&#8243;][vc_column_text css=&#8221;&#8221;]<\/p>\n<h4 class=\"text-about-basic\">MAK Mar\u0131ne Technology kurulu\u015fundan bu yana bu kadar k\u0131sa s\u00fcrede<br \/>\nferibot , r\u00f6mork\u00f6r , bal\u0131k\u00e7\u0131 gemileri , ara\u015ft\u0131rma gemileri gibi bir\u00e7ok gemide<br \/>\nba\u015far\u0131yla gemi sahiplerine teslimlerini tamamlam\u0131\u015f ve aktif olarak farkl\u0131<br \/>\ntersanelerde hizmet vermeye devam etmektedir.<br \/>\nSaha m\u00fchendislerimiz ve saha \u00fcretim ekibimizin tersane ile senkron bir<br \/>\n\u015fekilde s\u00fcrd\u00fcrd\u00fc\u011f\u00fc i\u015flerde bir\u00e7ok tipteki gemileri teslim eden MAK mar\u0131ne ,<br \/>\nbu kadar k\u0131sa s\u00fcrede kendini sekt\u00f6rde kan\u0131tlad\u0131 . Bir\u00e7ok yabanc\u0131 m\u00fc\u015fterimizin<br \/>\nmemnuniyeti ve referanslar\u0131 sayesinde sekt\u00f6rde bir numara olma yolunda<br \/>\nilerlemektedir.<\/h4>\n<p>[\/vc_column_text][vc_column_text css=&#8221;&#8221;][\/vc_column_text][\/vc_column_inner][\/vc_row_inner][\/vc_column][vc_column width=&#8221;1\/2&#8243;][vc_row_inner css=&#8221;.vc_custom_1452767554409{padding-top: 107px !important;}&#8221;][vc_column_inner width=&#8221;1\/2&#8243; css=&#8221;.vc_custom_1450826301026{padding-right: 0px !important;}&#8221;][vc_single_image image=&#8221;2595&#8243; img_size=&#8221;large&#8221; css=&#8221;&#8221;][\/vc_column_inner][vc_column_inner width=&#8221;1\/2&#8243; css=&#8221;.vc_custom_1450826203466{padding-left: 0px !important;}&#8221;][vc_single_image image=&#8221;2598&#8243; img_size=&#8221;large&#8221; css=&#8221;&#8221;][\/vc_column_inner][\/vc_row_inner][\/vc_column][\/vc_row][vc_row full_width=&#8221;stretch_row_content_no_spaces&#8221;][vc_column]<div class=\"tp-support clearfix \">\n                <div class=\"container\">\n                    <div class=\"row\">\n                        <div class=\"col-md-3 col-sm-3 col-xs-12 clearfix tp-support-title\">\n                             <div class=\"tp-support-icon fa fa-phone\"><\/div>\n                            <h2>HERHANG\u0130 B\u0130R YARDIM VEYA SORUNUZ \u0130\u00c7\u0130N<\/h2>\n                        <\/div>\n                        <div class=\"col-md-9 col-sm-9 col-xs-12 tp-support-content\">\n                            Bizi \u015fimdi ara +90-545 \u2013 229- 2941\n                            <div class=\"tp-support-link\"><a  href=\"https:\/\/makmarinetechnology.com\/index.php\/iletisim\/\" target=\"_blank\">\u015eimdi \u0130leti\u015fime Ge\u00e7<\/a><\/div>\n                        <\/div>\n                     <\/div>\n                <\/div>\n            <\/div>[\/vc_column][\/vc_row]<\/p>\n<\/div>","protected":false},"excerpt":{"rendered":"<p>[vc_row css=&#8221;.vc_custom_1456285677003{padding-top: 70px !important;padding-bottom: 80px !important;}&#8221;][vc_column width=&#8221;1\/2&#8243;][vc_row_inner css=&#8221;.vc_custom_1450813931806{padding-top: 35px !important;}&#8221;][vc_column_inner width=&#8221;1\/2&#8243;][vc_column_text css=&#8221;&#8221;] MAK Mar\u0131ne Technology denizcilik sekt\u00f6r\u00fcnde 2023 y\u0131l\u0131nda t\u00fcm otomasyon sistemlerini devreye almak , dizayn etmek ve \u00fcretmek i\u00e7in&hellip;<\/p>\n","protected":false},"author":1,"featured_media":0,"parent":0,"menu_order":0,"comment_status":"closed","ping_status":"closed","template":"template-full-width.php","meta":{"footnotes":""},"class_list":["post-1581","page","type-page","status-publish","hentry"],"_links":{"self":[{"href":"https:\/\/makmarinetechnology.com\/index.php\/wp-json\/wp\/v2\/pages\/1581","targetHints":{"allow":["GET"]}}],"collection":[{"href":"https:\/\/makmarinetechnology.com\/index.php\/wp-json\/wp\/v2\/pages"}],"about":[{"href":"https:\/\/makmarinetechnology.com\/index.php\/wp-json\/wp\/v2\/types\/page"}],"author":[{"embeddable":true,"href":"https:\/\/makmarinetechnology.com\/index.php\/wp-json\/wp\/v2\/users\/1"}],"replies":[{"embeddable":true,"href":"https:\/\/makmarinetechnology.com\/index.php\/wp-json\/wp\/v2\/comments?post=1581"}],"version-history":[{"count":11,"href":"https:\/\/makmarinetechnology.com\/index.php\/wp-json\/wp\/v2\/pages\/1581\/revisions"}],"predecessor-version":[{"id":2599,"href":"https:\/\/makmarinetechnology.com\/index.php\/wp-json\/wp\/v2\/pages\/1581\/revisions\/2599"}],"wp:attachment":[{"href":"https:\/\/makmarinetechnology.com\/index.php\/wp-json\/wp\/v2\/media?parent=1581"}],"curies":[{"name":"wp","href":"https:\/\/api.w.org\/{rel}","templated":true}]}}