{"id":2415,"date":"2015-12-15T17:33:03","date_gmt":"2015-12-15T17:33:03","guid":{"rendered":"http:\/\/localhost\/truckpress\/?page_id=6"},"modified":"2024-07-16T02:47:25","modified_gmt":"2024-07-15T23:47:25","slug":"home","status":"publish","type":"page","link":"https:\/\/makmarinetechnology.com\/","title":{"rendered":"Ana Sayfa"},"content":{"rendered":"<div class=\"wpb-content-wrapper\"><p>[vc_row full_width=&#8221;stretch_row_content_no_spaces&#8221;][vc_column][rev_slider_vc alias=&#8221;truck_press_slider_1&#8243;][\/vc_column][\/vc_row][vc_row][vc_column width=&#8221;1\/4&#8243; css=&#8221;.vc_custom_1453456589687{padding-right: 0px !important;}&#8221; el_class=&#8221;column-service-box&#8221;]<div class=\"tp-service-box \">\n                <div class=\"service-box\">\n                     <div class=\"tp-service-icon fa fa-check-circle-o\"><\/div>\n                    <h4 class=\"service-title\"><a class=\"link\" href=\"https:\/\/makmarinetechnology.com\/index.php\/service\/gemi-elektrigi-bakim-ve-onarimi\/\" target=\"_blank\">Elektrik Bak\u0131m Onar\u0131m<\/a><\/h4>\n                <\/div>\n\n                <div class=\"service-box-detail\">\n                    <img decoding=\"async\" src=\"https:\/\/makmarinetechnology.com\/wp-content\/uploads\/2024\/07\/WhatsApp-Image-2024-07-10-at-15.22.38-Kopya-300x145.jpeg\" alt=\"2495\">\n                     <div class=\"tp-service-icon fa fa-check-circle-o\"><\/div>  <h4 class=\"service-title\"><a class=\"link\" href=\"https:\/\/makmarinetechnology.com\/index.php\/service\/gemi-elektrigi-bakim-ve-onarimi\/\" target=\"_blank\">Elektrik Bak\u0131m Onar\u0131m<\/a><\/h4>\n                    <div class=\"tp-service-content\">\n                        <p>Gemi elektri\u011fi bak\u0131m ve onar\u0131m\u0131, geminin g\u00fcvenli ve verimli bir \u015fekilde \u00e7al\u0131\u015fmas\u0131n\u0131 sa\u011flamak i\u00e7in hayati \u00f6neme sahiptir&#8230;<\/p>\n\n                        <a class=\"link\" href=\"https:\/\/makmarinetechnology.com\/index.php\/service\/gemi-elektrigi-bakim-ve-onarimi\/\" target=\"_blank\">Devam\u0131..<\/a>\n                    <\/div>\n\t\t\t    <\/div>\n            <\/div>\n            [\/vc_column][vc_column width=&#8221;1\/4&#8243; css=&#8221;.vc_custom_1453456603439{padding-right: 0px !important;padding-left: 0px !important;}&#8221; el_class=&#8221;column-service-box&#8221;]<div class=\"tp-service-box \">\n                <div class=\"service-box\">\n                     <div class=\"tp-service-icon fa fa-check-circle-o\"><\/div>\n                    <h4 class=\"service-title\"><a class=\"link\" href=\"https:\/\/makmarinetechnology.com\/index.php\/service\/plc-arizasi\/\" target=\"_blank\">PLC Ar\u0131zas\u0131<\/a><\/h4>\n                <\/div>\n\n                <div class=\"service-box-detail\">\n                    <img decoding=\"async\" src=\"https:\/\/makmarinetechnology.com\/wp-content\/uploads\/2024\/07\/WhatsApp-Image-2024-07-12-at-16.46.26-1-300x145.jpeg\" alt=\"2497\">\n                     <div class=\"tp-service-icon fa fa-check-circle-o\"><\/div>  <h4 class=\"service-title\"><a class=\"link\" href=\"https:\/\/makmarinetechnology.com\/index.php\/service\/plc-arizasi\/\" target=\"_blank\">PLC Ar\u0131zas\u0131<\/a><\/h4>\n                    <div class=\"tp-service-content\">\n                        <p>Gemi elektri\u011finde Programlanabilir Lojik Kontrol\u00f6r (PLC) ar\u0131zalar\u0131, geminin otomasyon sistemlerinde \u00f6nemli aksamalara yol a\u00e7abilir.<\/p>\n\n                        <a class=\"link\" href=\"https:\/\/makmarinetechnology.com\/index.php\/service\/plc-arizasi\/\" target=\"_blank\">Devam\u0131..<\/a>\n                    <\/div>\n\t\t\t    <\/div>\n            <\/div>\n            [\/vc_column][vc_column width=&#8221;1\/4&#8243; css=&#8221;.vc_custom_1453456609958{padding-right: 0px !important;padding-left: 0px !important;}&#8221; el_class=&#8221;column-service-box&#8221;]<div class=\"tp-service-box \">\n                <div class=\"service-box\">\n                     <div class=\"tp-service-icon fa fa-check-circle-o\"><\/div>\n                    <h4 class=\"service-title\"><a class=\"link\" href=\"https:\/\/makmarinetechnology.com\/index.php\/service\/kablolama\/\" target=\"_blank\">Kablolama<\/a><\/h4>\n                <\/div>\n\n                <div class=\"service-box-detail\">\n                    <img decoding=\"async\" src=\"https:\/\/makmarinetechnology.com\/wp-content\/uploads\/2024\/07\/WhatsApp-Image-2024-07-12-at-16.46.26-2-300x145.jpeg\" alt=\"2498\">\n                     <div class=\"tp-service-icon fa fa-check-circle-o\"><\/div>  <h4 class=\"service-title\"><a class=\"link\" href=\"https:\/\/makmarinetechnology.com\/index.php\/service\/kablolama\/\" target=\"_blank\">Kablolama<\/a><\/h4>\n                    <div class=\"tp-service-content\">\n                        <p>Gemi elektri\u011finde kablolama, geminin t\u00fcm elektrik sistemlerinin g\u00fcvenli ve verimli \u00e7al\u0131\u015fmas\u0131n\u0131 sa\u011flamak i\u00e7in kritik bir rol oynar.<\/p>\n\n                        <a class=\"link\" href=\"https:\/\/makmarinetechnology.com\/index.php\/service\/kablolama\/\" target=\"_blank\">Devam\u0131..<\/a>\n                    <\/div>\n\t\t\t    <\/div>\n            <\/div>\n            [\/vc_column][vc_column width=&#8221;1\/4&#8243; css=&#8221;.vc_custom_1453456616567{padding-left: 0px !important;}&#8221; el_class=&#8221;column-service-box&#8221;]<div class=\"tp-service-box \">\n                <div class=\"service-box\">\n                     <div class=\"tp-service-icon fa fa-check-circle-o\"><\/div>\n                    <h4 class=\"service-title\"><a class=\"link\" href=\"https:\/\/makmarinetechnology.com\/index.php\/service\/baglanti-isleri\/\" target=\"_self\">Ba\u011flant\u0131 \u0130\u015fleri<\/a><\/h4>\n                <\/div>\n\n                <div class=\"service-box-detail\">\n                    <img decoding=\"async\" src=\"https:\/\/makmarinetechnology.com\/wp-content\/uploads\/2024\/07\/WhatsApp-Image-2024-07-12-at-16.46.53-300x145.jpeg\" alt=\"2493\">\n                     <div class=\"tp-service-icon fa fa-check-circle-o\"><\/div>  <h4 class=\"service-title\"><a class=\"link\" href=\"https:\/\/makmarinetechnology.com\/index.php\/service\/baglanti-isleri\/\" target=\"_self\">Ba\u011flant\u0131 \u0130\u015fleri<\/a><\/h4>\n                    <div class=\"tp-service-content\">\n                        <p>Gemi elektri\u011finde ba\u011flant\u0131 i\u015fleri, geminin elektrik sistemlerinin g\u00fcvenli, verimli ve kesintisiz bir \u015fekilde \u00e7al\u0131\u015fmas\u0131n\u0131 sa\u011flamak i\u00e7in hayati \u00f6neme sahiptir<\/p>\n\n                        <a class=\"link\" href=\"https:\/\/makmarinetechnology.com\/index.php\/service\/baglanti-isleri\/\" target=\"_self\">Devam\u0131..<\/a>\n                    <\/div>\n\t\t\t    <\/div>\n            <\/div>\n            [\/vc_column][\/vc_row][vc_row css=&#8221;.vc_custom_1454320635495{padding-top: 20px !important;}&#8221;][vc_column][vc_column_text css=&#8221;&#8221;]<\/p>\n<div class=\"tp-icon-box-title\">\n<div class=\"row\">\n<div class=\"col-md-4 col-xs-4 col-ms-4 title\">\n<h3>Profosyonel Hizmetlerimiz<\/h3>\n<\/div>\n<div class=\"col-md-8 col-xs-8 col-ms-8 content\">\n<p>MAK Mar\u0131ne saha m\u00fchendisleri ve ekibiyle m\u00fc\u015fterinin talebini denizcilik sekt\u00f6r\u00fcndeki belirlenen kurallara g\u00f6re uygun bir \u015fekilde y\u00fcr\u00fct\u00fclmesini sa\u011flar. Bu s\u00fcre\u00e7te gerekli t\u00fcm planlamay\u0131 ve sorumlulu\u011fu ba\u015ftan sona \u00fcstlenir. Mak Mar\u0131ne bir\u00e7ok de\u011ferli projede bu sorumlulu\u011fu \u00fcstlenip kendini ispatlam\u0131\u015f ve verimlilik sa\u011flam\u0131\u015ft\u0131r. Bu verimlilik sayesinde sekt\u00f6rde aranan konuma gelmi\u015ftir. Mak Mar\u0131ne saha ekibi ; saha \u00fcretimini kontrol etme ve denetleme faaliyetlerini denizcilik sekt\u00f6r\u00fcn\u00fcn getirdi\u011fi kurallar \u00e7er\u00e7evesinde y\u00fcr\u00fct\u00fcr.<\/p>\n<\/div>\n<\/div>\n<\/div>\n<p>[\/vc_column_text][\/vc_column][vc_column width=&#8221;1\/2&#8243;]<div class=\" icon-left icon-box\">\n\t\t\t\t <span class=\"tp-icon fa fa-wrench\"><\/span>\n\t\t\t\t<div class=\"icon-content\"><h3 class=\"icon-title\"><a href=\"#\">Dizayn & Proje M\u00fchendisli\u011fi<\/a><\/h3><p>MAK Mar\u0131ne , tasar\u0131mdan projeyi y\u00f6netime kadar t\u00fcm s\u00fcreci kapsayan hizmeti sunmaktad\u0131r. B\u00fct\u00fcn bu hizmetlerimiz denizcilik sekt\u00f6r\u00fcnde \u00f6nc\u00fc olan denetim kurulu\u015flar\u0131 taraf\u0131ndan onay g\u00f6rmektedir.<\/p>\n<\/div>\n\t\t\t<\/div><div class=\" icon-left icon-box\">\n\t\t\t\t <span class=\"tp-icon fa fa-wrench\"><\/span>\n\t\t\t\t<div class=\"icon-content\"><h3 class=\"icon-title\"><a href=\"#\">Elektrik Taahh\u00fct Hizmetleri<\/a><\/h3><p>Mak mar\u0131ne olarak denizcilik sekt\u00f6r\u00fcnde \u00f6n planda olmak \u00fczere elektrik tesisat\u0131n\u0131n projelendirilmesi ve taahh\u00fct i\u015flerinde denizcili\u011fin getirdi\u011fi kurallara uyarak m\u00fc\u015fterinin talebini ve ihtiya\u00e7lar\u0131n\u0131 kar\u0131\u015flamaktay\u0131z.<\/p>\n<\/div>\n\t\t\t<\/div>[\/vc_column][vc_column width=&#8221;1\/2&#8243;]<div class=\" icon-left icon-box\">\n\t\t\t\t <span class=\"tp-icon fa fa-wrench\"><\/span>\n\t\t\t\t<div class=\"icon-content\"><h3 class=\"icon-title\"><a href=\"#\">Sistem Devreye Alma<\/a><\/h3><p>MAK Mar\u0131ne saha m\u00fchendisleri ve ekibiyle m\u00fc\u015fterinin talebini denizcilik sekt\u00f6r\u00fcndeki belirlenen kurallara g\u00f6re uygun bir \u015fekilde y\u00fcr\u00fct\u00fclmesini sa\u011flar. Bu s\u00fcre\u00e7te gerekli t\u00fcm planlamay\u0131 ve sorumlulu\u011fu ba\u015ftan sona \u00fcstlenir.Mak Mar\u0131ne bir\u00e7ok de\u011ferli projede bu sorumlulu\u011fu \u00fcstlenip kendini ispatlam\u0131\u015f ve verimlilik sa\u011flam\u0131\u015ft\u0131r. Bu verimlilik sayesinde sekt\u00f6rde aranan konuma gelmi\u015ftir.Mak Mar\u0131ne saha ekibi ; saha \u00fcretimini kontrol etme ve denetleme faaliyetlerini denizcilik sekt\u00f6r\u00fcn\u00fcn getirdi\u011fi kurallar \u00e7er\u00e7evesinde y\u00fcr\u00fct\u00fcr.<\/p>\n<\/div>\n\t\t\t<\/div><div class=\" icon-left icon-box\">\n\t\t\t\t <span class=\"tp-icon fa fa-wrench\"><\/span>\n\t\t\t\t<div class=\"icon-content\"><h3 class=\"icon-title\"><a href=\"#\">Gemi Tamir & Bak\u0131m\u0131<\/a><\/h3><p>Mak Mar\u0131ne Technology olarak gemiler hangi konumda olursa olsun farketmeksizin tamir ,bak\u0131m ,onar\u0131m ,yenileme ve inceleme hizmeti vermektedir.Bu hizmetimizde en karma\u015f\u0131k durumlarda bile ba\u015far\u0131yla anahtar teslimiyeti sa\u011flaman\u0131n garantisini veriyoruz.<\/p>\n<\/div>\n\t\t\t<\/div>[\/vc_column][\/vc_row][vc_row css=&#8221;.vc_custom_1460173687187{margin-top: 40px !important;}&#8221; el_class=&#8221;bg-secondary-color&#8221;][vc_column][vc_row_inner css=&#8221;.vc_custom_1453457670842{margin-right: 0px !important;margin-left: 0px !important;}&#8221;][vc_column_inner el_class=&#8221;column-counter&#8221; width=&#8221;1\/4&#8243; css=&#8221;.vc_custom_1721087117360{padding-top: 60px !important;padding-bottom: 40px !important;}&#8221;]<div class=\"tp-counter clearfix \">\n\t\t\t\t<div class=\"counter\">\n\t\t\t\t\t<div class=\"ct-content\">\n\t\t\t\t\t\t<h3><span class=\"stat-count\">20<\/span> +<\/h3>\n\t\t\t\t\t\t<p>\u27a2 M\u00fchendis<\/p>\n\t\t\t\t\t<\/div>\n\t\t\t\t\t <span class=\"tp-icon fa fa-check-circle-o\"><\/span>\n\t\t\t\t<\/div>\n\t\t\t<\/div>[\/vc_column_inner][vc_column_inner el_class=&#8221;column-counter&#8221; width=&#8221;1\/4&#8243; css=&#8221;.vc_custom_1456195565955{padding-top: 60px !important;padding-bottom: 40px !important;}&#8221;]<div class=\"tp-counter clearfix \">\n\t\t\t\t<div class=\"counter\">\n\t\t\t\t\t<div class=\"ct-content\">\n\t\t\t\t\t\t<h3><span class=\"stat-count\">120<\/span> +<\/h3>\n\t\t\t\t\t\t<p>\u27a2 \u00c7al\u0131\u015fanlar<\/p>\n\t\t\t\t\t<\/div>\n\t\t\t\t\t <span class=\"tp-icon fa fa-check-circle-o\"><\/span>\n\t\t\t\t<\/div>\n\t\t\t<\/div>[\/vc_column_inner][vc_column_inner el_class=&#8221;column-counter&#8221; width=&#8221;1\/4&#8243; css=&#8221;.vc_custom_1456195546595{padding-top: 60px !important;padding-bottom: 40px !important;}&#8221;]<div class=\"tp-counter clearfix column-tp-counter\">\n\t\t\t\t<div class=\"counter\">\n\t\t\t\t\t<div class=\"ct-content\">\n\t\t\t\t\t\t<h3><span class=\"stat-count\">30<\/span> +<\/h3>\n\t\t\t\t\t\t<p>\u27a2 Projeler<\/p>\n\t\t\t\t\t<\/div>\n\t\t\t\t\t <span class=\"tp-icon fa fa-check-circle-o\"><\/span>\n\t\t\t\t<\/div>\n\t\t\t<\/div>[\/vc_column_inner][vc_column_inner el_class=&#8221;column-counter&#8221; width=&#8221;1\/4&#8243; css=&#8221;.vc_custom_1456195556722{padding-top: 60px !important;padding-bottom: 40px !important;}&#8221;]<div class=\"tp-counter clearfix \">\n\t\t\t\t<div class=\"counter\">\n\t\t\t\t\t<div class=\"ct-content\">\n\t\t\t\t\t\t<h3><span class=\"stat-count\">15<\/span> <\/h3>\n\t\t\t\t\t\t<p>\u27a2 Tersane<\/p>\n\t\t\t\t\t<\/div>\n\t\t\t\t\t <span class=\"tp-icon fa fa-check-circle-o\"><\/span>\n\t\t\t\t<\/div>\n\t\t\t<\/div>[\/vc_column_inner][\/vc_row_inner][\/vc_column][\/vc_row][vc_row css=&#8221;.vc_custom_1460344677419{padding-top: 70px !important;padding-bottom: 40px !important;}&#8221;][vc_column width=&#8221;1\/2&#8243; css=&#8221;.vc_custom_1460344686130{padding-bottom: 40px !important;}&#8221;]<div class=\"lp-heading  \">\n                <h4>Neden Biz ?<\/h4>\n                <div class=\"border\"><\/div>\n            <\/div>[vc_tta_tour shape=&#8221;square&#8221; active_section=&#8221;1&#8243; css=&#8221;.vc_custom_1456739531929{padding-top: 20px !important;}&#8221;][vc_tta_section i_icon_fontawesome=&#8221;fas fa-charging-station&#8221; add_icon=&#8221;true&#8221; title=&#8221;Teknoloji&#8221; tab_id=&#8221;1449185144175-46fdd3f1-0b15&#8243;][vc_column_text css=&#8221;.vc_custom_1720915421557{padding-top: 5px !important;}&#8221;]<\/p>\n<h4>Elektrik Sistemleri ve Komponentleri<\/h4>\n<p>Gemi elektri\u011fi, modern denizcilik end\u00fcstrisinin temel ta\u015flar\u0131ndan biridir. \u0130yi tasarlanm\u0131\u015f ve d\u00fczenli olarak bak\u0131m\u0131 yap\u0131lan bir elektrik sistemi, geminin g\u00fcvenli\u011fini ve operasyonel etkinli\u011fini art\u0131r\u0131r. Bu nedenle, gemi in\u015fas\u0131 ve i\u015fletmesinde elektrik sistemlerine verilen \u00f6nem s\u00fcrekli olarak artmaktad\u0131r.<\/p>\n<ul class=\"list\">\n<li><i class=\"fa fa-check-square\"><\/i>Jenerat\u00f6rler<\/li>\n<li><i class=\"fa fa-check-square\"><\/i>Da\u011f\u0131t\u0131m Panolar\u0131<\/li>\n<li><i class=\"fa fa-check-square\"><\/i>Kablolar ve Ba\u011flant\u0131lar<\/li>\n<\/ul>\n<ul>\n<li><i class=\"fa fa-check-square\"><\/i>Bataryalar<\/li>\n<li><i class=\"fa fa-check-square\"><\/i>G\u00fcvenlik ve Bak\u0131m<\/li>\n<li><i class=\"fa fa-check-square\"><\/i>Teknolojik Geli\u015fmeler<\/li>\n<\/ul>\n<div class=\"clearboth\"><\/div>\n<p><a class=\"btn btn-primary\" href=\"#\">Devam\u0131..<\/a>[\/vc_column_text][\/vc_tta_section][vc_tta_section i_icon_fontawesome=&#8221;fas fa-bullhorn&#8221; add_icon=&#8221;true&#8221; title=&#8221;G\u00fcvenlik&#8221; tab_id=&#8221;1449185144237-418f5b8d-f69f&#8221;][vc_column_text css=&#8221;&#8221;]<\/p>\n<h4>G\u00fcvenlik<\/h4>\n<p>Gemi elektrik sistemlerinin g\u00fcvenli\u011fi ve s\u00fcrekli \u00e7al\u0131\u015fabilirli\u011fi i\u00e7in d\u00fczenli bak\u0131m \u00e7ok \u00f6nemlidir. Bu bak\u0131mlar, kablo izolasyonlar\u0131n\u0131n kontrol edilmesi, ba\u011flant\u0131 noktalar\u0131n\u0131n s\u0131k\u0131ca tutturulmas\u0131 ve sistemlerin d\u00fczg\u00fcn \u00e7al\u0131\u015f\u0131p \u00e7al\u0131\u015fmad\u0131\u011f\u0131n\u0131n periyodik olarak test edilmesini i\u00e7erir.<\/p>\n<ul class=\"list\">\n<li><i class=\"fa fa-check-square\"><\/i>Jenerat\u00f6rler<\/li>\n<li><i class=\"fa fa-check-square\"><\/i>Da\u011f\u0131t\u0131m Panolar\u0131<\/li>\n<li><i class=\"fa fa-check-square\"><\/i>Kablolar ve Ba\u011flant\u0131lar<\/li>\n<\/ul>\n<ul>\n<li><i class=\"fa fa-check-square\"><\/i>Bataryalar<\/li>\n<li><i class=\"fa fa-check-square\"><\/i>G\u00fcvenlik ve Bak\u0131m<\/li>\n<li><i class=\"fa fa-check-square\"><\/i>Teknolojik Geli\u015fmeler<\/li>\n<\/ul>\n<div class=\"clearboth\"><\/div>\n<p><a class=\"btn btn-primary\" href=\"#\">Devam\u0131..<\/a>[\/vc_column_text][\/vc_tta_section][vc_tta_section i_icon_fontawesome=&#8221;fas fa-industry&#8221; add_icon=&#8221;true&#8221; title=&#8221;Sistem&#8221; tab_id=&#8221;1449185149858-c0fce73e-85bb&#8221;][vc_column_text css=&#8221;&#8221;]<\/p>\n<h4>Gemi Elektri\u011finin \u00d6nemi<\/h4>\n<p>Gemi elektri\u011fi, modern gemilerin i\u015flevselli\u011fi i\u00e7in kritik bir unsurdur. Bu sistemler, geminin t\u00fcm elektronik cihazlar\u0131n\u0131, ayd\u0131nlatma sistemlerini, navigasyon ekipmanlar\u0131n\u0131 ve di\u011fer otomasyon sistemlerini besler. Ayr\u0131ca, gemideki g\u00fcvenlik sistemlerinin, yang\u0131n s\u00f6nd\u00fcrme ekipmanlar\u0131n\u0131n ve acil durum ayd\u0131nlatmalar\u0131n\u0131n da elektrikle \u00e7al\u0131\u015ft\u0131\u011f\u0131n\u0131 unutmamak gerekir.<\/p>\n<ul class=\"list\">\n<li><i class=\"fa fa-check-square\"><\/i>Jenerat\u00f6rler<\/li>\n<li><i class=\"fa fa-check-square\"><\/i>Da\u011f\u0131t\u0131m Panolar\u0131<\/li>\n<li><i class=\"fa fa-check-square\"><\/i>Kablolar ve Ba\u011flant\u0131lar<\/li>\n<\/ul>\n<ul>\n<li><i class=\"fa fa-check-square\"><\/i>Bataryalar<\/li>\n<li><i class=\"fa fa-check-square\"><\/i>G\u00fcvenlik ve Bak\u0131m<\/li>\n<li><i class=\"fa fa-check-square\"><\/i>Teknolojik Geli\u015fmeler<\/li>\n<\/ul>\n<div class=\"clearboth\"><\/div>\n<p><a class=\"btn btn-primary\" href=\"#\">Devam\u0131..<\/a>[\/vc_column_text][\/vc_tta_section][\/vc_tta_tour][\/vc_column][vc_column width=&#8221;1\/2&#8243; css=&#8221;.vc_custom_1460344692616{padding-bottom: 40px !important;}&#8221;]<div class=\"lp-heading  \">\n                <h4><\/h4>\n                <div class=\"border\"><\/div>\n            <\/div>[vc_single_image image=&#8221;2495&#8243; img_size=&#8221;large&#8221; css=&#8221;&#8221;][\/vc_column][\/vc_row][vc_row css=&#8221;.vc_custom_1460344718483{padding-top: 70px !important;padding-bottom: 40px !important;}&#8221;][vc_column width=&#8221;1\/2&#8243; css=&#8221;.vc_custom_1460344729138{padding-bottom: 40px !important;}&#8221;][vc_row_inner][vc_column_inner]<div class=\"lp-heading-new \"><h4>Sekt\u00f6re Dair<\/h4><\/div>[\/vc_column_inner][\/vc_row_inner]<div  class=\"tp-blog \"><div class=\"tp-owl-list\" id=\"posts-carousel-69e314d33d232\"><div class=\"tp-owl-carousel\">\n\t\t\t\t\t<div class=\"blog-wrapper\">\n\t\t\t\t\t    \n\t\t\t\t\t\t<div class=\"entry-header\">\n\t\t\t\t\t\t\t<h1 class=\"entry-title\"><a href=\"https:\/\/makmarinetechnology.com\/index.php\/2024\/07\/14\/gemi-elektriginin-onemi\/\">Gemi Elektri\u011finin \u00d6nemi<\/a><\/h1>\n\t\t\t\t\t\t\t<div class=\"post-meta\">\n\t\t\t\t\t\t\t\t<span class=\"meta\">\n                                    <i class=\"fa fa-user\"><\/i>\n                                    <a href=\"https:\/\/makmarinetechnology.com\/index.php\/author\/admin\/\">Mak Marine<\/a>\n\t\t\t\t\t\t\t\t<\/span>\n\t\t\t\t\t\t\t\t<span class=\"entry-date\">\n                                    <i class=\"fa fa-calendar\"><\/i>\n                                    <span>Tem 14, 2024<\/span>\n\t\t\t\t\t\t\t\t<\/span>\n\t\t\t\t\t\t\t\t<span class=\"meta\">\n                                    <i class=\"fa fa-comments\"><\/i>\n                                    <span>0 comment<\/span>\n\t\t\t\t\t\t\t\t<\/span>\n\t\t\t\t\t\t\t<\/div>\n\t\t\t\t\t\t<\/div>\n\t\t\t\t\t\t<div class=\"entry-desc\">\n\t\t\t\t\t\t\t<p>Gemi elektri\u011fi, modern gemilerin i\u015flevselli\u011fi i\u00e7in kritik bir unsurdur. Bu sistemler, geminin t\u00fcm elektronik cihazlar\u0131n\u0131, ayd\u0131nlatma sistemlerini, navigasyon ekipmanlar\u0131n\u0131 ve di\u011fer otomasyon sistemlerini besler. Ayr\u0131ca, gemideki g\u00fcvenlik sistemlerinin, yang\u0131n s\u00f6nd\u00fcrme&hellip;<\/p>\n\t\t\t\t\t\t<\/div>\n\t\t\t\t\t\t<footer class=\"entry-footer\">\n\t\t\t\t\t\t    <a href=\"https:\/\/makmarinetechnology.com\/index.php\/2024\/07\/14\/gemi-elektriginin-onemi\/\" class=\"btn btn-primary\">Read More<\/a>\n                        <\/footer>\n\t\t\t\t\t<\/div>\n\t\t\t\t<\/div><div class=\"tp-owl-carousel\">\n\t\t\t\t\t<div class=\"blog-wrapper\">\n\t\t\t\t\t    \n\t\t\t\t\t\t<div class=\"entry-header\">\n\t\t\t\t\t\t\t<h1 class=\"entry-title\"><a href=\"https:\/\/makmarinetechnology.com\/index.php\/2024\/07\/14\/gemi-elektirik-sistemine-dair\/\">Gemi Elektirik Sistemi ;<\/a><\/h1>\n\t\t\t\t\t\t\t<div class=\"post-meta\">\n\t\t\t\t\t\t\t\t<span class=\"meta\">\n                                    <i class=\"fa fa-user\"><\/i>\n                                    <a href=\"https:\/\/makmarinetechnology.com\/index.php\/author\/admin\/\">Mak Marine<\/a>\n\t\t\t\t\t\t\t\t<\/span>\n\t\t\t\t\t\t\t\t<span class=\"entry-date\">\n                                    <i class=\"fa fa-calendar\"><\/i>\n                                    <span>Tem 14, 2024<\/span>\n\t\t\t\t\t\t\t\t<\/span>\n\t\t\t\t\t\t\t\t<span class=\"meta\">\n                                    <i class=\"fa fa-comments\"><\/i>\n                                    <span>0 comment<\/span>\n\t\t\t\t\t\t\t\t<\/span>\n\t\t\t\t\t\t\t<\/div>\n\t\t\t\t\t\t<\/div>\n\t\t\t\t\t\t<div class=\"entry-desc\">\n\t\t\t\t\t\t\t<p>Gemi elektri\u011fini sisteme alma i\u015flemi, geminin elektrik ihtiya\u00e7lar\u0131n\u0131n kar\u015f\u0131lanmas\u0131 i\u00e7in gerekli altyap\u0131n\u0131n kurulmas\u0131 ve entegre edilmesini kapsayan kritik bir s\u00fcre\u00e7tir. Bu i\u015flem, geminin g\u00fcvenli\u011fi, i\u015flevselli\u011fi ve konforu i\u00e7in hayati \u00f6nem&hellip;<\/p>\n\t\t\t\t\t\t<\/div>\n\t\t\t\t\t\t<footer class=\"entry-footer\">\n\t\t\t\t\t\t    <a href=\"https:\/\/makmarinetechnology.com\/index.php\/2024\/07\/14\/gemi-elektirik-sistemine-dair\/\" class=\"btn btn-primary\">Read More<\/a>\n                        <\/footer>\n\t\t\t\t\t<\/div>\n\t\t\t\t<\/div><\/div><\/div>[\/vc_column][vc_column width=&#8221;1\/2&#8243; css=&#8221;.vc_custom_1460344735777{padding-bottom: 40px !important;}&#8221;][vc_row_inner css=&#8221;.vc_custom_1454398688333{padding-bottom: 73px !important;}&#8221;][vc_column_inner]<div class=\"lp-heading-toggle \">\n                <h4>\u0130htiyac\u0131n\u0131z Nedir?<\/h4>\n                <a class=\"link\" href=\"https:\/\/makmarinetechnology.com\/index.php\/iletisim\/\" target=\"_self\">H\u0131zl\u0131 \u0130leti\u015fim...<\/a>\n            <\/div>[\/vc_column_inner][\/vc_row_inner][vc_row_inner][vc_column_inner][vc_toggle title=&#8221;\u015eirket \u00c7al\u0131\u015fanlar\u0131m\u0131za Sorun&#8221; css=&#8221;&#8221; el_id=&#8221;1448671552995-d3d82bcd-1a5e&#8221;]\u0130\u015finde Profosyonel arkada\u015flar\u0131m\u0131z\u00a0 size gereken dan\u0131\u015fmanl\u0131k hizmetini verebilir , \u0130leti\u015fim\u00a0 den bize hemen ula\u015f\u0131n.<\/p>\n<p><a href=\"http:\/\/info@makmarinetechnology.com\">info@makmarinetechnology.com<\/a>[\/vc_toggle][vc_toggle title=&#8221;\u0130stek Ve \u015eikayetleriniz de bizi siz y\u00f6nlendirin&#8230;&#8221; open=&#8221;true&#8221; css=&#8221;&#8221; el_id=&#8221;1448671544976-14207c9d-7eff&#8221;]Sizlere daha kaliteli bir hizmet sunabilmek i\u00e7in te\u015fekk\u00fcr, ele\u015ftiri\u00a0 ve \u00f6nerilerinizi\u00a0bizimle payla\u015f\u0131n.Her bir yaz\u0131n\u0131z titizlikle incelenerek, sizlere daha iyi hizmet sunmak i\u00e7in s\u00fcrd\u00fcrd\u00fc\u011f\u00fcm\u00fcz \u00e7al\u0131\u015fmalarda bizlere \u0131\u015f\u0131k tutacakt\u0131r.<span class=\"apple-converted-space\">\u00a0<\/span><\/p>\n<p><a href=\"http:\/\/info@makmarinetechnology.com\">info@makmarinetechnology.com<\/a>[\/vc_toggle][vc_toggle title=&#8221;\u015eirketimiz de \u00c7al\u0131\u015fmak \u0130stermisiniz ?&#8221; css=&#8221;&#8221; el_id=&#8221;1448671155324-37d57877-5c7e&#8221;]Hemen \u0130leti\u015fim Formunda bilgilerinizi yaz\u0131n mail adresimize\u00a0 CV &#8216;nizi g\u00f6nderin. <a href=\"http:\/\/info@makmarinetechnology.com\">info@makmarinetechnology.com<\/a>[\/vc_toggle][\/vc_column_inner][\/vc_row_inner][\/vc_column][\/vc_row][vc_row full_width=&#8221;stretch_row_content_no_spaces&#8221;][vc_column]<div class=\"tp-support clearfix \">\n                <div class=\"container\">\n                    <div class=\"row\">\n                        <div class=\"col-md-3 col-sm-3 col-xs-12 clearfix tp-support-title\">\n                             <div class=\"tp-support-icon fa fa-phone\"><\/div>\n                            <h2>HERHANG\u0130 B\u0130R YARDIM VEYA SORUNUZ \u0130\u00c7\u0130N<\/h2>\n                        <\/div>\n                        <div class=\"col-md-9 col-sm-9 col-xs-12 tp-support-content\">\n                            Bizi \u015fimdi ara +90-545 \u2013 229- 2941\n                            <div class=\"tp-support-link\"><a  href=\"https:\/\/makmarinetechnology.com\/index.php\/iletisim\/\" target=\"_blank\">\u015eimdi \u0130leti\u015fime Ge\u00e7<\/a><\/div>\n                        <\/div>\n                     <\/div>\n                <\/div>\n            <\/div>[\/vc_column][\/vc_row]<\/p>\n<\/div>","protected":false},"excerpt":{"rendered":"<p>[vc_row full_width=&#8221;stretch_row_content_no_spaces&#8221;][vc_column][rev_slider_vc alias=&#8221;truck_press_slider_1&#8243;][\/vc_column][\/vc_row][vc_row][vc_column width=&#8221;1\/4&#8243; css=&#8221;.vc_custom_1453456589687{padding-right: 0px !important;}&#8221; el_class=&#8221;column-service-box&#8221;][\/vc_column][vc_column width=&#8221;1\/4&#8243; css=&#8221;.vc_custom_1453456603439{padding-right: 0px !important;padding-left: 0px !important;}&#8221; el_class=&#8221;column-service-box&#8221;][\/vc_column][vc_column width=&#8221;1\/4&#8243; css=&#8221;.vc_custom_1453456609958{padding-right: 0px !important;padding-left: 0px !important;}&#8221; el_class=&#8221;column-service-box&#8221;][\/vc_column][vc_column width=&#8221;1\/4&#8243; css=&#8221;.vc_custom_1453456616567{padding-left: 0px !important;}&#8221; el_class=&#8221;column-service-box&#8221;][\/vc_column][\/vc_row][vc_row css=&#8221;.vc_custom_1454320635495{padding-top: 20px !important;}&#8221;][vc_column][vc_column_text&hellip;<\/p>\n","protected":false},"author":1,"featured_media":0,"parent":0,"menu_order":0,"comment_status":"closed","ping_status":"closed","template":"template-homepage.php","meta":{"footnotes":""},"class_list":["post-2415","page","type-page","status-publish","hentry"],"_links":{"self":[{"href":"https:\/\/makmarinetechnology.com\/index.php\/wp-json\/wp\/v2\/pages\/2415","targetHints":{"allow":["GET"]}}],"collection":[{"href":"https:\/\/makmarinetechnology.com\/index.php\/wp-json\/wp\/v2\/pages"}],"about":[{"href":"https:\/\/makmarinetechnology.com\/index.php\/wp-json\/wp\/v2\/types\/page"}],"author":[{"embeddable":true,"href":"https:\/\/makmarinetechnology.com\/index.php\/wp-json\/wp\/v2\/users\/1"}],"replies":[{"embeddable":true,"href":"https:\/\/makmarinetechnology.com\/index.php\/wp-json\/wp\/v2\/comments?post=2415"}],"version-history":[{"count":23,"href":"https:\/\/makmarinetechnology.com\/index.php\/wp-json\/wp\/v2\/pages\/2415\/revisions"}],"predecessor-version":[{"id":2609,"href":"https:\/\/makmarinetechnology.com\/index.php\/wp-json\/wp\/v2\/pages\/2415\/revisions\/2609"}],"wp:attachment":[{"href":"https:\/\/makmarinetechnology.com\/index.php\/wp-json\/wp\/v2\/media?parent=2415"}],"curies":[{"name":"wp","href":"https:\/\/api.w.org\/{rel}","templated":true}]}}