{"id":45,"date":"2015-12-15T17:54:06","date_gmt":"2015-12-15T17:54:06","guid":{"rendered":"http:\/\/localhost\/truckpress\/?page_id=45"},"modified":"2024-07-17T20:56:21","modified_gmt":"2024-07-17T17:56:21","slug":"iletisim","status":"publish","type":"page","link":"https:\/\/makmarinetechnology.com\/index.php\/iletisim\/","title":{"rendered":"\u0130leti\u015fim"},"content":{"rendered":"<div class=\"wpb-content-wrapper\"><p>[vc_row full_width=&#8221;stretch_row_content_no_spaces&#8221;][vc_column][\/vc_column][\/vc_row][vc_row css=&#8221;.vc_custom_1456285800890{padding-top: 70px !important;padding-bottom: 80px !important;background-color: #fcfcfc !important;}&#8221;][vc_column width=&#8221;1\/3&#8243;][vc_row_inner][vc_column_inner css=&#8221;.vc_custom_1454379990824{padding-bottom: 50px !important;}&#8221;]<div class=\"lp-heading  \">\n                <h4>\u0130LET\u0130\u015e\u0130M B\u0130LG\u0130LER\u0130<\/h4>\n                <div class=\"border\"><\/div>\n            <\/div>[\/vc_column_inner][\/vc_row_inner][vc_row_inner css=&#8221;.vc_custom_1451065687411{padding-bottom: 30px !important;}&#8221;][vc_column_inner css=&#8221;.vc_custom_1451065787722{padding-top: 0px !important;padding-bottom: 6px !important;padding-left: 20px !important;background-color: #ffffff !important;}&#8221;][vc_wp_text]<span class=\"hot-line\">+90 545 229 29 41<\/span><\/p>\n<div class=\"address\">\n<h4>Bizi Ziyaret Edin<\/h4>\n<p>34947, Ayd\u0131ntepe Mah.<br \/>\nG\u00fclle Sok.<br \/>\nNo:14\/3 Tuzla, \u0130stanbul<\/p>\n<\/div>\n<div class=\"contact-us\">\n<h4>Bize Ula\u015f\u0131n<\/h4>\n<p>+90-545 &#8211; 229- 2941<br \/>\ninfo@makmarinetechnology.com<br \/>\nwww.<a href=\"https:\/\/makmarinetechnology.com\/\">makmarinetechnology.com<\/a><\/p>\n<\/div>\n<p>[\/vc_wp_text][\/vc_column_inner][\/vc_row_inner][\/vc_column][vc_column width=&#8221;2\/3&#8243;][vc_row_inner][vc_column_inner css=&#8221;.vc_custom_1454380009415{padding-bottom: 50px !important;}&#8221;]<div class=\"lp-heading  \">\n                <h4>B\u0130ZE YAZIN<\/h4>\n                <div class=\"border\"><\/div>\n            <\/div>[\/vc_column_inner][\/vc_row_inner]\n<div class=\"wpcf7 no-js\" id=\"wpcf7-f1993-o1\" lang=\"en-US\" dir=\"ltr\">\n<div class=\"screen-reader-response\"><p role=\"status\" aria-live=\"polite\" aria-atomic=\"true\"><\/p> <ul><\/ul><\/div>\n<form action=\"\/index.php\/wp-json\/wp\/v2\/pages\/45#wpcf7-f1993-o1\" method=\"post\" class=\"wpcf7-form init\" aria-label=\"Contact form\" novalidate=\"novalidate\" data-status=\"init\">\n<div style=\"display: none;\">\n<input type=\"hidden\" name=\"_wpcf7\" value=\"1993\" \/>\n<input type=\"hidden\" name=\"_wpcf7_version\" value=\"5.9.6\" \/>\n<input type=\"hidden\" name=\"_wpcf7_locale\" value=\"en_US\" \/>\n<input type=\"hidden\" name=\"_wpcf7_unit_tag\" value=\"wpcf7-f1993-o1\" \/>\n<input type=\"hidden\" name=\"_wpcf7_container_post\" value=\"0\" \/>\n<input type=\"hidden\" name=\"_wpcf7_posted_data_hash\" value=\"\" \/>\n<\/div>\n<div class=\"contact-form-2\">\n\t<div class=\"col-md-6 col-xs-12 col-ms-12 form-name first-name\">\n\t\t<p><span class=\"wpcf7-form-control-wrap\" data-name=\"first-name\"><input size=\"40\" maxlength=\"80\" class=\"wpcf7-form-control wpcf7-text wpcf7-validates-as-required\" aria-required=\"true\" aria-invalid=\"false\" placeholder=\"\u0130sim*\" value=\"\" type=\"text\" name=\"first-name\" \/><\/span>\n\t\t<\/p>\n\t<\/div>\n\t<div class=\"col-md-6 col-xs-12 col-ms-12 form-name last-name\">\n\t\t<p><span class=\"wpcf7-form-control-wrap\" data-name=\"last-name\"><input size=\"40\" maxlength=\"80\" class=\"wpcf7-form-control wpcf7-text wpcf7-validates-as-required\" aria-required=\"true\" aria-invalid=\"false\" placeholder=\"Soy \u0130sim*\" value=\"\" type=\"text\" name=\"last-name\" \/><\/span>\n\t\t<\/p>\n\t<\/div>\n\t<div class=\"col-md-6 col-xs-12 col-ms-12 form-email\">\n\t\t<p><span class=\"wpcf7-form-control-wrap\" data-name=\"your-email\"><input size=\"40\" maxlength=\"80\" class=\"wpcf7-form-control wpcf7-email wpcf7-validates-as-required wpcf7-text wpcf7-validates-as-email\" aria-required=\"true\" aria-invalid=\"false\" placeholder=\"Email*\" value=\"\" type=\"email\" name=\"your-email\" \/><\/span>\n\t\t<\/p>\n\t<\/div>\n\t<div class=\"col-md-6 col-xs-12 col-ms-12 form-select-1\">\n\t\t<p><span class=\"wpcf7-form-control-wrap\" data-name=\"menu-366\"><select class=\"wpcf7-form-control wpcf7-select\" aria-invalid=\"false\" name=\"menu-366\"><option value=\"Fiyat Teklifi\">Fiyat Teklifi<\/option><option value=\"\u0130stek\">\u0130stek<\/option><option value=\"\u015eikayet\">\u015eikayet<\/option><\/select><\/span>\n\t\t<\/p>\n\t<\/div>\n\t<div>\n\t\t<p><span class=\"wpcf7-form-control-wrap\" data-name=\"your-message\"><textarea cols=\"40\" rows=\"10\" maxlength=\"400\" class=\"wpcf7-form-control wpcf7-textarea\" aria-invalid=\"false\" placeholder=\"Mesaj\" name=\"your-message\"><\/textarea><\/span>\n\t\t<\/p>\n\t<\/div>\n\t<div>\n\t\t<p><input class=\"wpcf7-form-control wpcf7-submit has-spinner\" type=\"submit\" value=\"G\u00f6nder\" \/>\n\t\t<\/p>\n\t<\/div>\n<\/div><p style=\"display: none !important;\" class=\"akismet-fields-container\" data-prefix=\"_wpcf7_ak_\"><label>&#916;<textarea name=\"_wpcf7_ak_hp_textarea\" cols=\"45\" rows=\"8\" maxlength=\"100\"><\/textarea><\/label><input type=\"hidden\" id=\"ak_js_1\" name=\"_wpcf7_ak_js\" value=\"129\"\/><script>document.getElementById( \"ak_js_1\" ).setAttribute( \"value\", ( new Date() ).getTime() );<\/script><\/p><div class=\"wpcf7-response-output\" aria-hidden=\"true\"><\/div>\n<\/form>\n<\/div>\n[\/vc_column][\/vc_row]<\/p>\n<\/div>","protected":false},"excerpt":{"rendered":"<p>[vc_row full_width=&#8221;stretch_row_content_no_spaces&#8221;][vc_column][\/vc_column][\/vc_row][vc_row css=&#8221;.vc_custom_1456285800890{padding-top: 70px !important;padding-bottom: 80px !important;background-color: #fcfcfc !important;}&#8221;][vc_column width=&#8221;1\/3&#8243;][vc_row_inner][vc_column_inner css=&#8221;.vc_custom_1454379990824{padding-bottom: 50px !important;}&#8221;][\/vc_column_inner][\/vc_row_inner][vc_row_inner css=&#8221;.vc_custom_1451065687411{padding-bottom: 30px !important;}&#8221;][vc_column_inner css=&#8221;.vc_custom_1451065787722{padding-top: 0px !important;padding-bottom: 6px !important;padding-left: 20px !important;background-color: #ffffff !important;}&#8221;][vc_wp_text]+90 545 229 29 41 Bizi&hellip;<\/p>\n","protected":false},"author":1,"featured_media":0,"parent":0,"menu_order":0,"comment_status":"closed","ping_status":"closed","template":"template-full-width.php","meta":{"footnotes":""},"class_list":["post-45","page","type-page","status-publish","hentry"],"_links":{"self":[{"href":"https:\/\/makmarinetechnology.com\/index.php\/wp-json\/wp\/v2\/pages\/45","targetHints":{"allow":["GET"]}}],"collection":[{"href":"https:\/\/makmarinetechnology.com\/index.php\/wp-json\/wp\/v2\/pages"}],"about":[{"href":"https:\/\/makmarinetechnology.com\/index.php\/wp-json\/wp\/v2\/types\/page"}],"author":[{"embeddable":true,"href":"https:\/\/makmarinetechnology.com\/index.php\/wp-json\/wp\/v2\/users\/1"}],"replies":[{"embeddable":true,"href":"https:\/\/makmarinetechnology.com\/index.php\/wp-json\/wp\/v2\/comments?post=45"}],"version-history":[{"count":5,"href":"https:\/\/makmarinetechnology.com\/index.php\/wp-json\/wp\/v2\/pages\/45\/revisions"}],"predecessor-version":[{"id":2634,"href":"https:\/\/makmarinetechnology.com\/index.php\/wp-json\/wp\/v2\/pages\/45\/revisions\/2634"}],"wp:attachment":[{"href":"https:\/\/makmarinetechnology.com\/index.php\/wp-json\/wp\/v2\/media?parent=45"}],"curies":[{"name":"wp","href":"https:\/\/api.w.org\/{rel}","templated":true}]}}